{"id":2973,"date":"2024-04-23T09:00:00","date_gmt":"2024-04-23T09:00:00","guid":{"rendered":"https:\/\/blooo.io\/?page_id=2973"},"modified":"2024-06-10T15:19:57","modified_gmt":"2024-06-10T15:19:57","slug":"batisseurs-de-confiance","status":"publish","type":"page","link":"https:\/\/blooo.io\/fr\/trust-builders\/","title":{"rendered":"B\u00e2tisseurs de confiance"},"content":{"rendered":"<div data-elementor-type=\"wp-page\" data-elementor-id=\"2973\" class=\"elementor elementor-2973\" data-elementor-post-type=\"page\">\n\t\t\t\t<div class=\"elementor-element elementor-element-36d682c e-con-full e-flex e-con e-parent\" data-id=\"36d682c\" data-element_type=\"container\" data-e-type=\"container\">\n\t\t<div class=\"elementor-element elementor-element-da8f98f e-flex e-con-boxed e-con e-child\" data-id=\"da8f98f\" data-element_type=\"container\" data-e-type=\"container\" data-settings=\"{&quot;background_background&quot;:&quot;classic&quot;}\">\n\t\t\t\t\t<div class=\"e-con-inner\">\n\t\t<div class=\"elementor-element elementor-element-851464d e-con-full e-flex e-con e-child\" data-id=\"851464d\" data-element_type=\"container\" data-e-type=\"container\" data-settings=\"{&quot;position&quot;:&quot;absolute&quot;}\">\n\t\t\t\t<div class=\"elementor-element elementor-element-a71c1f0 background-text elementor-widget__width-initial elementor-widget elementor-widget-heading\" data-id=\"a71c1f0\" data-element_type=\"widget\" data-e-type=\"widget\" data-widget_type=\"heading.default\">\n\t\t\t\t<div class=\"elementor-widget-container\">\n\t\t\t\t\t<h2 class=\"elementor-heading-title elementor-size-default\">WE<br>\nTRUST<br>\nBUILDERS<\/h2>\t\t\t\t<\/div>\n\t\t\t\t<\/div>\n\t\t\t\t<\/div>\n\t\t<div class=\"elementor-element elementor-element-eb5a784 e-con-full e-flex e-con e-child\" data-id=\"eb5a784\" data-element_type=\"container\" data-e-type=\"container\">\n\t\t\t\t<div class=\"elementor-element elementor-element-8f3ed7d elementor-widget elementor-widget-heading\" data-id=\"8f3ed7d\" data-element_type=\"widget\" data-e-type=\"widget\" data-widget_type=\"heading.default\">\n\t\t\t\t<div class=\"elementor-widget-container\">\n\t\t\t\t\t<h2 class=\"elementor-heading-title elementor-size-default\">WE TRUST<\/h2>\t\t\t\t<\/div>\n\t\t\t\t<\/div>\n\t\t\t\t<div class=\"elementor-element elementor-element-d3cdf76 elementor-widget elementor-widget-heading\" data-id=\"d3cdf76\" data-element_type=\"widget\" data-e-type=\"widget\" data-widget_type=\"heading.default\">\n\t\t\t\t<div class=\"elementor-widget-container\">\n\t\t\t\t\t<h2 class=\"elementor-heading-title elementor-size-default\">BUILDERS<\/h2>\t\t\t\t<\/div>\n\t\t\t\t<\/div>\n\t\t\t\t<div class=\"elementor-element elementor-element-4d7e3c2 elementor-widget__width-initial elementor-widget elementor-widget-text-editor\" data-id=\"4d7e3c2\" data-element_type=\"widget\" data-e-type=\"widget\" data-widget_type=\"text-editor.default\">\n\t\t\t\t<div class=\"elementor-widget-container\">\n\t\t\t\t\t\t\t\t\t<p>Une \u00e9quipe multidisciplinaire, compos\u00e9e d&#039;experts de divers domaines, se consacre \u00e0 permettre l&#039;activation de la confiance au sein de votre organisation \u00e0 tous les niveaux, notamment dans le domaine num\u00e9rique.\u00a0<\/p>\t\t\t\t\t\t\t\t<\/div>\n\t\t\t\t<\/div>\n\t\t\t\t<\/div>\n\t\t<div class=\"elementor-element elementor-element-6285d25 elementor-hidden-tablet elementor-hidden-mobile e-flex e-con-boxed e-con e-child\" data-id=\"6285d25\" data-element_type=\"container\" data-e-type=\"container\">\n\t\t\t\t\t<div class=\"e-con-inner\">\n\t\t<div class=\"elementor-element elementor-element-b2fbdb1 e-flex e-con-boxed e-con e-child\" data-id=\"b2fbdb1\" data-element_type=\"container\" data-e-type=\"container\">\n\t\t\t\t\t<div class=\"e-con-inner\">\n\t\t<div class=\"elementor-element elementor-element-b0ab66c e-flex e-con-boxed e-con e-child\" data-id=\"b0ab66c\" data-element_type=\"container\" data-e-type=\"container\" data-settings=\"{&quot;background_background&quot;:&quot;classic&quot;}\">\n\t\t\t\t\t<div class=\"e-con-inner\">\n\t\t\t\t<div class=\"elementor-element elementor-element-229c18b elementor-widget elementor-widget-heading\" data-id=\"229c18b\" data-element_type=\"widget\" data-e-type=\"widget\" data-widget_type=\"heading.default\">\n\t\t\t\t<div class=\"elementor-widget-container\">\n\t\t\t\t\t<h2 class=\"elementor-heading-title elementor-size-default\"><a href=\"\/fr\/talents\/\">NOUS SOMMES <\/a><\/h2>\t\t\t\t<\/div>\n\t\t\t\t<\/div>\n\t\t\t\t<div class=\"elementor-element elementor-element-699189b elementor-widget elementor-widget-heading\" data-id=\"699189b\" data-element_type=\"widget\" data-e-type=\"widget\" data-widget_type=\"heading.default\">\n\t\t\t\t<div class=\"elementor-widget-container\">\n\t\t\t\t\t<h2 class=\"elementor-heading-title elementor-size-default\"><a href=\"\/fr\/talents\/\">TRUST HACKTIVISTES<\/a><\/h2>\t\t\t\t<\/div>\n\t\t\t\t<\/div>\n\t\t\t\t\t<\/div>\n\t\t\t\t<\/div>\n\t\t\t\t\t<\/div>\n\t\t\t\t<\/div>\n\t\t<div class=\"elementor-element elementor-element-d3dab5a e-flex e-con-boxed e-con e-child\" data-id=\"d3dab5a\" data-element_type=\"container\" data-e-type=\"container\" data-settings=\"{&quot;background_background&quot;:&quot;classic&quot;}\">\n\t\t\t\t\t<div class=\"e-con-inner\">\n\t\t\t\t<div class=\"elementor-element elementor-element-83c67de elementor-widget elementor-widget-heading\" data-id=\"83c67de\" data-element_type=\"widget\" data-e-type=\"widget\" data-widget_type=\"heading.default\">\n\t\t\t\t<div class=\"elementor-widget-container\">\n\t\t\t\t\t<h2 class=\"elementor-heading-title elementor-size-default\"><a href=\"\/fr\/rejoignez-lequipe\/\">REJOINS<\/a><\/h2>\t\t\t\t<\/div>\n\t\t\t\t<\/div>\n\t\t\t\t<div class=\"elementor-element elementor-element-6d4749a elementor-widget elementor-widget-heading\" data-id=\"6d4749a\" data-element_type=\"widget\" data-e-type=\"widget\" data-widget_type=\"heading.default\">\n\t\t\t\t<div class=\"elementor-widget-container\">\n\t\t\t\t\t<h2 class=\"elementor-heading-title elementor-size-default\"><a href=\"\/fr\/rejoignez-lequipe\/\">MOUVEMENT<\/a><\/h2>\t\t\t\t<\/div>\n\t\t\t\t<\/div>\n\t\t\t\t\t<\/div>\n\t\t\t\t<\/div>\n\t\t\t\t\t<\/div>\n\t\t\t\t<\/div>\n\t\t<div class=\"elementor-element elementor-element-f7421e1 e-con-full elementor-hidden-desktop e-flex e-con e-child\" data-id=\"f7421e1\" data-element_type=\"container\" data-e-type=\"container\">\n\t\t<a class=\"elementor-element elementor-element-6a475cf e-con-full e-flex e-con e-child\" data-id=\"6a475cf\" data-element_type=\"container\" data-e-type=\"container\" data-settings=\"{&quot;background_background&quot;:&quot;classic&quot;}\" href=\"https:\/\/blooo.io\/fr\/talents\/\">\n\t\t<div class=\"elementor-element elementor-element-de14ab5 e-flex e-con-boxed e-con e-child\" data-id=\"de14ab5\" data-element_type=\"container\" data-e-type=\"container\">\n\t\t\t\t\t<div class=\"e-con-inner\">\n\t\t\t\t<div class=\"elementor-element elementor-element-fd45600 elementor-widget elementor-widget-image\" data-id=\"fd45600\" data-element_type=\"widget\" data-e-type=\"widget\" data-widget_type=\"image.default\">\n\t\t\t\t<div class=\"elementor-widget-container\">\n\t\t\t\t\t\t\t\t\t\t\t\t\t\t\t<img fetchpriority=\"high\" decoding=\"async\" width=\"435\" height=\"500\" src=\"https:\/\/blooo.io\/wp-content\/uploads\/2024\/05\/Blooos-Talents.webp\" class=\"attachment-large size-large wp-image-3024\" alt=\"Les talents de Blooo\" srcset=\"https:\/\/blooo.io\/wp-content\/uploads\/2024\/05\/Blooos-Talents.webp 435w, https:\/\/blooo.io\/wp-content\/uploads\/2024\/05\/Blooos-Talents-261x300.webp 261w, https:\/\/blooo.io\/wp-content\/uploads\/2024\/05\/Blooos-Talents-10x12.png 10w\" sizes=\"(max-width: 435px) 100vw, 435px\" title=\"\">\t\t\t\t\t\t\t\t\t\t\t\t\t\t\t<\/div>\n\t\t\t\t<\/div>\n\t\t\t\t\t<\/div>\n\t\t\t\t<\/div>\n\t\t<div class=\"elementor-element elementor-element-844f4fc e-flex e-con-boxed e-con e-child\" data-id=\"844f4fc\" data-element_type=\"container\" data-e-type=\"container\" data-settings=\"{&quot;position&quot;:&quot;absolute&quot;}\">\n\t\t\t\t\t<div class=\"e-con-inner\">\n\t\t\t\t<div class=\"elementor-element elementor-element-be90495 elementor-widget elementor-widget-heading\" data-id=\"be90495\" data-element_type=\"widget\" data-e-type=\"widget\" data-widget_type=\"heading.default\">\n\t\t\t\t<div class=\"elementor-widget-container\">\n\t\t\t\t\t<h2 class=\"elementor-heading-title elementor-size-default\">NOUS SOMMES<\/h2>\t\t\t\t<\/div>\n\t\t\t\t<\/div>\n\t\t\t\t<div class=\"elementor-element elementor-element-c020a39 elementor-widget elementor-widget-heading\" data-id=\"c020a39\" data-element_type=\"widget\" data-e-type=\"widget\" data-widget_type=\"heading.default\">\n\t\t\t\t<div class=\"elementor-widget-container\">\n\t\t\t\t\t<h2 class=\"elementor-heading-title elementor-size-default\">TRUST<br>\nHACKTIVISTES<\/h2>\t\t\t\t<\/div>\n\t\t\t\t<\/div>\n\t\t\t\t\t<\/div>\n\t\t\t\t<\/div>\n\t\t\t\t<\/a>\n\t\t<a class=\"elementor-element elementor-element-f1d2ef7 e-con-full e-flex e-con e-child\" data-id=\"f1d2ef7\" data-element_type=\"container\" data-e-type=\"container\" data-settings=\"{&quot;background_background&quot;:&quot;classic&quot;}\" href=\"https:\/\/blooo.io\/fr\/rejoignez-lequipe\/\">\n\t\t<div class=\"elementor-element elementor-element-a309fbc e-flex e-con-boxed e-con e-child\" data-id=\"a309fbc\" data-element_type=\"container\" data-e-type=\"container\">\n\t\t\t\t\t<div class=\"e-con-inner\">\n\t\t\t\t<div class=\"elementor-element elementor-element-abf6f9f elementor-widget elementor-widget-image\" data-id=\"abf6f9f\" data-element_type=\"widget\" data-e-type=\"widget\" data-widget_type=\"image.default\">\n\t\t\t\t<div class=\"elementor-widget-container\">\n\t\t\t\t\t\t\t\t\t\t\t\t\t\t\t<img decoding=\"async\" width=\"435\" height=\"500\" src=\"https:\/\/blooo.io\/wp-content\/uploads\/2024\/05\/Join-the-team.webp\" class=\"attachment-large size-large wp-image-3025\" alt=\"Rejoins l&#039;\u00e9quipe\" srcset=\"https:\/\/blooo.io\/wp-content\/uploads\/2024\/05\/Join-the-team.webp 435w, https:\/\/blooo.io\/wp-content\/uploads\/2024\/05\/Join-the-team-261x300.webp 261w, https:\/\/blooo.io\/wp-content\/uploads\/2024\/05\/Join-the-team-10x12.png 10w\" sizes=\"(max-width: 435px) 100vw, 435px\" title=\"\">\t\t\t\t\t\t\t\t\t\t\t\t\t\t\t<\/div>\n\t\t\t\t<\/div>\n\t\t\t\t\t<\/div>\n\t\t\t\t<\/div>\n\t\t<div class=\"elementor-element elementor-element-714b68f e-flex e-con-boxed e-con e-child\" data-id=\"714b68f\" data-element_type=\"container\" data-e-type=\"container\" data-settings=\"{&quot;position&quot;:&quot;absolute&quot;}\">\n\t\t\t\t\t<div class=\"e-con-inner\">\n\t\t\t\t<div class=\"elementor-element elementor-element-49f5eb2 elementor-widget elementor-widget-heading\" data-id=\"49f5eb2\" data-element_type=\"widget\" data-e-type=\"widget\" data-widget_type=\"heading.default\">\n\t\t\t\t<div class=\"elementor-widget-container\">\n\t\t\t\t\t<h2 class=\"elementor-heading-title elementor-size-default\">REJOINS<\/h2>\t\t\t\t<\/div>\n\t\t\t\t<\/div>\n\t\t\t\t<div class=\"elementor-element elementor-element-a643bd3 elementor-widget elementor-widget-heading\" data-id=\"a643bd3\" data-element_type=\"widget\" data-e-type=\"widget\" data-widget_type=\"heading.default\">\n\t\t\t\t<div class=\"elementor-widget-container\">\n\t\t\t\t\t<h2 class=\"elementor-heading-title elementor-size-default\">MOUVEMENT<\/h2>\t\t\t\t<\/div>\n\t\t\t\t<\/div>\n\t\t\t\t\t<\/div>\n\t\t\t\t<\/div>\n\t\t\t\t<\/a>\n\t\t\t\t<\/div>\n\t\t\t\t\t<\/div>\n\t\t\t\t<\/div>\n\t\t\t\t<\/div>\n\t\t\t\t<\/div>","protected":false},"excerpt":{"rendered":"<p>NOUS CONFIONS LES CONSTRUCTEURS NOUS CONFIONS LES CONSTRUCTEURS Une \u00e9quipe multidisciplinaire, compos\u00e9e d&#039;experts de divers domaines, se consacre \u00e0 permettre l&#039;activation de la confiance au sein de votre organisation \u00e0 tous les niveaux, en particulier dans le domaine num\u00e9rique. NOUS SOMMES DES HACKTIVISTES DE CONFIANCE REJOIGNONS LE MOUVEMENT NOUS SOMMES DES HACKTIVISTES DE CONFIANCE REJOIGNONS LE MOUVEMENT<\/p>","protected":false},"author":2,"featured_media":0,"parent":0,"menu_order":0,"comment_status":"closed","ping_status":"closed","template":"","meta":{"_acf_changed":false,"footnotes":""},"class_list":["post-2973","page","type-page","status-publish","hentry"],"acf":[],"_links":{"self":[{"href":"https:\/\/blooo.io\/fr\/wp-json\/wp\/v2\/pages\/2973","targetHints":{"allow":["GET"]}}],"collection":[{"href":"https:\/\/blooo.io\/fr\/wp-json\/wp\/v2\/pages"}],"about":[{"href":"https:\/\/blooo.io\/fr\/wp-json\/wp\/v2\/types\/page"}],"author":[{"embeddable":true,"href":"https:\/\/blooo.io\/fr\/wp-json\/wp\/v2\/users\/2"}],"replies":[{"embeddable":true,"href":"https:\/\/blooo.io\/fr\/wp-json\/wp\/v2\/comments?post=2973"}],"version-history":[{"count":0,"href":"https:\/\/blooo.io\/fr\/wp-json\/wp\/v2\/pages\/2973\/revisions"}],"wp:attachment":[{"href":"https:\/\/blooo.io\/fr\/wp-json\/wp\/v2\/media?parent=2973"}],"curies":[{"name":"wp","href":"https:\/\/api.w.org\/{rel}","templated":true}]}}