{"id":2939,"date":"2024-04-18T09:38:46","date_gmt":"2024-04-18T09:38:46","guid":{"rendered":"https:\/\/blooo.io\/?page_id=2939"},"modified":"2024-04-23T07:49:40","modified_gmt":"2024-04-23T07:49:40","slug":"termes-et-conditions","status":"publish","type":"page","link":"https:\/\/blooo.io\/fr\/terms-and-conditions\/","title":{"rendered":"Termes et Conditions"},"content":{"rendered":"<div data-elementor-type=\"wp-page\" data-elementor-id=\"2939\" class=\"elementor elementor-2939\" data-elementor-post-type=\"page\">\n\t\t\t\t<div class=\"elementor-element elementor-element-2af6d642 e-flex e-con-boxed e-con e-parent\" data-id=\"2af6d642\" data-element_type=\"container\" data-e-type=\"container\" data-settings=\"{&quot;background_background&quot;:&quot;classic&quot;}\">\n\t\t\t\t\t<div class=\"e-con-inner\">\n\t\t\t\t<div class=\"elementor-element elementor-element-142244cf elementor-widget elementor-widget-text-editor\" data-id=\"142244cf\" data-element_type=\"widget\" data-e-type=\"widget\" data-widget_type=\"text-editor.default\">\n\t\t\t\t<div class=\"elementor-widget-container\">\n\t\t\t\t\t\t\t\t\t<h2>Propri\u00e9t\u00e9 intellectuelle<\/h2><p>Le site est la propri\u00e9t\u00e9 de Blooo. Blooo est propri\u00e9taire exclusif de tous les droits de propri\u00e9t\u00e9 intellectuelle relatifs tant \u00e0 la structure qu'au contenu de ce site, dans le monde entier.<\/p><p>Sauf indication contraire, les \u00e9l\u00e9ments figurant sur le site et notamment les marques, logos, d\u00e9nominations sociales, photographies, images, donn\u00e9es, vid\u00e9os, \u00e9l\u00e9ments graphiques sont la propri\u00e9t\u00e9 exclusive de Blooo, qui ne conc\u00e8de aucune licence ni aucun droit autre que celui de consulter le site.<\/p><p>Toutes les autres marques mentionn\u00e9es sont la propri\u00e9t\u00e9 de leurs propri\u00e9taires respectifs. Toute reproduction, repr\u00e9sentation, publication, transmission, ou plus g\u00e9n\u00e9ralement toute utilisation non autoris\u00e9e du site et\/ou des \u00e9l\u00e9ments pr\u00e9cit\u00e9s, engage votre responsabilit\u00e9 et est susceptible d'entra\u00eener des poursuites judiciaires, notamment en contrefa\u00e7on.<\/p><p>Vous avez le droit d'utiliser une image du site Web Blooo si vous citez Blooo et mentionnez l'URL du site Web dans votre mat\u00e9riel.<\/p><h2>\u00a0<\/h2><h2>Limitation de responsabilit\u00e9<\/h2><p>Ce site peut contenir des informations mises \u00e0 disposition par des soci\u00e9t\u00e9s externes ou des liens hypertextes vers d'autres sites qui n'ont pas \u00e9t\u00e9 d\u00e9velopp\u00e9s par Blooo. Le contenu mis \u00e0 disposition sur le site est fourni \u00e0 titre informatif uniquement.<\/p><p>L'existence d'un lien de ce site vers un autre site ne constitue pas une approbation de ce site ou de son contenu. Il appartient \u00e0 l\u2019internaute d\u2019utiliser ces informations avec discernement et esprit critique. Blooo ne peut \u00eatre tenu responsable des informations, avis et recommandations \u00e9mis par des tiers.<\/p><p>Blooo met tout en \u0153uvre pour assurer la fiabilit\u00e9 de toutes les informations publi\u00e9es sur son site, et se r\u00e9serve le droit de modifier ou de corriger le contenu \u00e0 tout moment et sans pr\u00e9avis.<\/p>\t\t\t\t\t\t\t\t<\/div>\n\t\t\t\t<\/div>\n\t\t\t\t\t<\/div>\n\t\t\t\t<\/div>\n\t\t\t\t<\/div>","protected":false},"excerpt":{"rendered":"<p>Intellectual Property The site is the property of Blooo. Blooo is the exclusive owner of all intellectual property rights relating to both the structure and the content of this site, worldwide. Unless otherwise stated, the elements appearing on the site and in particular the trademarks, logos, company names, photographs, images, data, videos, graphic elements are [&hellip;]<\/p>\n","protected":false},"author":2,"featured_media":0,"parent":0,"menu_order":0,"comment_status":"closed","ping_status":"closed","template":"elementor_header_footer","meta":{"_acf_changed":false,"footnotes":""},"class_list":["post-2939","page","type-page","status-publish","hentry"],"acf":[],"_links":{"self":[{"href":"https:\/\/blooo.io\/fr\/wp-json\/wp\/v2\/pages\/2939","targetHints":{"allow":["GET"]}}],"collection":[{"href":"https:\/\/blooo.io\/fr\/wp-json\/wp\/v2\/pages"}],"about":[{"href":"https:\/\/blooo.io\/fr\/wp-json\/wp\/v2\/types\/page"}],"author":[{"embeddable":true,"href":"https:\/\/blooo.io\/fr\/wp-json\/wp\/v2\/users\/2"}],"replies":[{"embeddable":true,"href":"https:\/\/blooo.io\/fr\/wp-json\/wp\/v2\/comments?post=2939"}],"version-history":[{"count":0,"href":"https:\/\/blooo.io\/fr\/wp-json\/wp\/v2\/pages\/2939\/revisions"}],"wp:attachment":[{"href":"https:\/\/blooo.io\/fr\/wp-json\/wp\/v2\/media?parent=2939"}],"curies":[{"name":"wp","href":"https:\/\/api.w.org\/{rel}","templated":true}]}}