{"id":2923,"date":"2024-04-17T13:47:05","date_gmt":"2024-04-17T13:47:05","guid":{"rendered":"https:\/\/blooo.io\/?page_id=2923"},"modified":"2026-01-22T14:50:48","modified_gmt":"2026-01-22T14:50:48","slug":"politique-de-confidentialite","status":"publish","type":"page","link":"https:\/\/blooo.io\/fr\/privacy-policy\/","title":{"rendered":"Politique de Confidentialit\u00e9"},"content":{"rendered":"<div data-elementor-type=\"wp-page\" data-elementor-id=\"2923\" class=\"elementor elementor-2923\" data-elementor-post-type=\"page\">\n\t\t\t\t<div class=\"elementor-element elementor-element-2af6d642 e-flex e-con-boxed e-con e-parent\" data-id=\"2af6d642\" data-element_type=\"container\" data-e-type=\"container\" data-settings=\"{&quot;background_background&quot;:&quot;classic&quot;}\">\n\t\t\t\t\t<div class=\"e-con-inner\">\n\t\t\t\t<div class=\"elementor-element elementor-element-142244cf elementor-widget elementor-widget-text-editor\" data-id=\"142244cf\" data-element_type=\"widget\" data-e-type=\"widget\" data-widget_type=\"text-editor.default\">\n\t\t\t\t<div class=\"elementor-widget-container\">\n\t\t\t\t\t\t\t\t\t<p>Cette page pr\u00e9sente l'utilisation qui est faite de vos donn\u00e9es personnelles par Blooo via son site internet et les droits dont vous disposez sur vos donn\u00e9es.<\/p><p>Chez Blooo, nous attachons une grande importance au respect de votre vie priv\u00e9e et \u00e0 la protection de vos donn\u00e9es. Nous avons donc d\u00e9cid\u00e9 de ne pas proc\u00e9der \u00e0 un suivi individualis\u00e9 de nos utilisateurs, afin de limiter \u00e0 notre \u00e9chelle les externalit\u00e9s n\u00e9gatives du num\u00e9rique sur les personnes et l'environnement.<\/p><p>Nous nous engageons donc \u00e0 assurer le niveau de protection le plus \u00e9lev\u00e9 possible de vos donn\u00e9es personnelles, conform\u00e9ment \u00e0 la r\u00e9glementation europ\u00e9enne et fran\u00e7aise applicable en la mati\u00e8re.<\/p><p>Ci-dessous vous trouverez les mentions d'information relatives aux quatre traitements de donn\u00e9es personnelles que nous effectuons sur notre site internet, soit les quatre fois o\u00f9 nous vous demandons des informations personnelles :<\/p><ul><li><span style=\"background-color: transparent; color: var( --e-global-color-text ); font-family: var( --e-global-typography-text-font-family ), Sans-serif; font-weight: var( --e-global-typography-text-font-weight );\">Demande de contact<\/span><\/li><li>T\u00e9l\u00e9chargement de publications<\/li><li>S'inscrire \u00e0 un \u00e9v\u00e9nement<\/li><li>Abonnez-vous \u00e0 la newsletter<\/li><\/ul><p>Notre objectif est de vous fournir toutes les informations relatives \u00e0 votre contact sur notre site, conform\u00e9ment \u00e0 la r\u00e9glementation applicable, notamment le R\u00e8glement G\u00e9n\u00e9ral Europ\u00e9en sur la Protection des Donn\u00e9es (\u00ab RGPD \u00bb).<\/p><h2>Identit\u00e9 et coordonn\u00e9es du responsable du traitement<\/h2><p>Blooo SAS, 14 rue Ponscarme, 75013 Paris \u2013 France<\/p><p>Vous pouvez contacter le d\u00e9l\u00e9gu\u00e9 \u00e0 la protection des donn\u00e9es (DPD) au <a href=\"mailto:dpo@blooo.io\">mailto:dpo@blooo.io<!--EZGZEF-->o@blo<!--EZGZEF-->mailto:dpo@blooo.io<\/a><\/p><h2>Donn\u00e9es personnelles collect\u00e9es<\/h2><p>Nous collectons deux cat\u00e9gories de donn\u00e9es personnelles :<\/p><ul><li>Ceux n\u00e9cessaires \u00e0 la r\u00e9alisation du traitement et obligatoires pour formuler votre demande de contact : pr\u00e9nom, nom, email, objet de la demande<\/li><li>Ceux qui sont facultatifs pour la r\u00e9alisation du traitement, qui ne sont pas obligatoires pour formuler votre demande de contact mais qui peuvent nous permettre de r\u00e9pondre plus rapidement : num\u00e9ro de t\u00e9l\u00e9phone.<\/li><\/ul><h2>Finalit\u00e9s du traitement<\/h2><ul><li>Demande de contact : Ce traitement a pour finalit\u00e9 de vous fournir toute information relative aux services que nous proposons, de vous mettre en relation avec des personnes et des services susceptibles de r\u00e9pondre \u00e0 un besoin que vous auriez exprim\u00e9 et de recevoir toutes vos propositions de partenariat.<\/li><li>T\u00e9l\u00e9chargement des publications : Ce traitement a pour finalit\u00e9 de vous fournir la ressource Blooo et de mieux vous conna\u00eetre afin que notre \u00e9quipe commerciale puisse \u00e9ventuellement vous recontacter ult\u00e9rieurement.<\/li><li>Inscription \u00e0 un \u00e9v\u00e9nement : Ce traitement a pour finalit\u00e9 de vous inscrire aux \u00e9v\u00e9nements gratuits auxquels vous souhaitez participer, de vous adresser toutes les informations relatives \u00e0 ces \u00e9v\u00e9nements gratuits choisis et \u00e0 leur acc\u00e8s, tant physique qu'\u00e0 distance.<\/li><li>Inscription \u00e0 la newsletter : Ce traitement a pour finalit\u00e9 de vous proposer une inscription \u00e0 notre newsletter afin que vous receviez r\u00e9guli\u00e8rement des informations sur l'actualit\u00e9 Blooo susceptible de vous int\u00e9resser.<\/li><\/ul><h2>Dur\u00e9e de conservation des donn\u00e9es<\/h2><p>Nous ne conserverons vos informations personnelles que le temps strictement n\u00e9cessaire pour atteindre les objectifs \u00e9nonc\u00e9s ci-dessus et les supprimerons apr\u00e8s 3 ans sans aucune interaction de votre part.<\/p><h2>Base juridique du traitement<\/h2><p>La base juridique de ce traitement est l\u2019int\u00e9r\u00eat l\u00e9gitime de Blooo \u00e0 vous fournir les informations que vous avez demand\u00e9es. Il est \u00e0 noter que les donn\u00e9es personnelles collect\u00e9es ici sont d\u00e9claratives, c'est-\u00e0-dire fournies par les visiteurs du site eux-m\u00eames, Blooo n'est donc pas responsable de leur exactitude.<\/p><h2>Destinataires des donn\u00e9es trait\u00e9es<\/h2><p>Les informations li\u00e9es \u00e0 votre demande et les donn\u00e9es personnelles nous permettant de vous contacter sont communiqu\u00e9es uniquement \u00e0 notre \u00e9quipe commerciale afin de vous apporter une r\u00e9ponse correspondant \u00e0 vos besoins. Ces destinataires varient selon le type de demande que vous effectuez sur notre site, afin d'en limiter l'acc\u00e8s aux personnes strictement n\u00e9cessaires pour r\u00e9pondre \u00e0 vos besoins.<\/p><h2>Mesures de s\u00e9curit\u00e9<\/h2><p>Les mesures de s\u00e9curit\u00e9 s'appliquent \u00e0 notre site Internet (https:\/\/blooo.io).<\/p><p>Voici les mesures de s\u00e9curit\u00e9 mises en place sur notre site :<\/p><ul><li>Chiffrement HTTPS (\u00e9galement appel\u00e9 SSL ou TLS) sur chacune de ses interfaces de connexion : il permet d'\u00e9tablir une connexion chiffr\u00e9e et s\u00e9curis\u00e9e (cela permet de s'assurer de l'identit\u00e9 de votre interlocuteur)<\/li><li>En-t\u00eates\u00a0: ce sont des balises qui emp\u00eachent l'ex\u00e9cution de code malveillant.<\/li><li>Certificats d'authenticit\u00e9\u00a0: ceux-ci sont utilis\u00e9s pour \u00e9tablir l'authenticit\u00e9 de Blooo<\/li><li>Acc\u00e8s aux donn\u00e9es en silo\u00a0: les droits d'\u00e9criture sont extr\u00eamement restreints et r\u00e9serv\u00e9s aux bonnes personnes<\/li><\/ul><h2>S\u00e9curit\u00e9 de l'information<\/h2><p><b>Notre engagement<\/b><\/p><p class=\"p3\">Chez Blooo, la s\u00e9curit\u00e9 de l'information est au coeur de nos pr\u00e9occupations. En tant qu'entreprise de services du num\u00e9rique sp\u00e9cialis\u00e9e dans le conseil et l'expertise, nous nous engageons \u00e0 prot\u00e9ger les informations de nos clients, partenaires et collaborateurs avec le plus haut niveau d'exigence.<\/p><p><b>Notre d\u00e9marche<\/b><\/p><p class=\"p3\">Blooo a mis en place un Syst\u00e8me de Management de la S\u00e9curit\u00e9 de l'Information (SMSI) align\u00e9 sur les meilleures pratiques internationales. Notre organisation est engag\u00e9e dans une d\u00e9marche de certification ISO 27001, r\u00e9f\u00e9rentiel international de r\u00e9f\u00e9rence en mati\u00e8re de s\u00e9curit\u00e9 de l'information.<\/p><p><b>Conformit\u00e9<\/b><\/p><ul><li><p class=\"p1\">Conformit\u00e9 au R\u00e8glement G\u00e9n\u00e9ral sur la Protection des Donn\u00e9es (RGPD)<\/p><\/li><li><p class=\"p1\">Alignement sur les recommandations de l'ANSSI<\/p><\/li><li><p class=\"p1\">Application des bonnes pratiques ISO 27001\/27002<\/p><\/li><\/ul><p><b>Contactez-nous<\/b><\/p><p class=\"p3\">Pour toute question relative \u00e0 la s\u00e9curit\u00e9 ou pour signaler une vuln\u00e9rabilit\u00e9 : <a href=\"mailto:security@blooo.io\">mailto:security@blooo.io<\/a><b><\/b><\/p><p class=\"p3\">Dans le cadre d'appels d'offres ou de due diligence, des informations compl\u00e9mentaires sur notre organisation de s\u00e9curit\u00e9 peuvent \u00eatre communiqu\u00e9es sur demande.<\/p><h2>Exercer vos droits<\/h2><p>Vous pouvez nous contacter si vous avez des questions sur la mani\u00e8re dont nous traitons vos donn\u00e9es personnelles ou si vous souhaitez exercer un ou plusieurs des droits suivants applicables sur notre site :<\/p><ul><li>Droit \u00e0 l\u2019information, \u00e0 l\u2019acc\u00e8s et \u00e0 la communication de vos donn\u00e9es<\/li><li>Droit de limitation<\/li><li>Droit de rectification de vos donn\u00e9es<\/li><li>Droit \u00e0 l\u2019oubli et \u00e0 la suppression de vos donn\u00e9es<\/li><li>Droit d'opposition \u00e0 la collecte et au traitement de vos donn\u00e9es<\/li><\/ul><p>Par email: \u00a0<a href=\"mailto:dpo@blooo.io\">mailto:dpo@blooo.io<!--EZzzzEF-->o@blo<!--HRTbreer-->mailto:dpo@blooo.io<\/a><\/p><p>Par voie postale : Blooo SAS, 14 rue Ponscarme, 75013 Paris, France<\/p><p>Si vous souhaitez conna\u00eetre le d\u00e9tail des droits susvis\u00e9s dont vous disposez sur vos donn\u00e9es, nous vous invitons \u00e0 consulter le site de la CNIL : <a href=\"https:\/\/www.cnil.fr\" target=\"_blank\" rel=\"noopener\">https:\/\/www.cnil.fr<\/a><\/p>\t\t\t\t\t\t\t\t<\/div>\n\t\t\t\t<\/div>\n\t\t\t\t\t<\/div>\n\t\t\t\t<\/div>\n\t\t\t\t<\/div>","protected":false},"excerpt":{"rendered":"<p>This page presents the use made of your personal data by Blooo via its website and the rights you have over your data. At Blooo, we attach great importance to respecting your privacy and protecting your data. We have therefore decided not to carry out individualised monitoring of our users, in order to limit the [&hellip;]<\/p>\n","protected":false},"author":2,"featured_media":0,"parent":0,"menu_order":0,"comment_status":"closed","ping_status":"closed","template":"elementor_header_footer","meta":{"_acf_changed":false,"footnotes":""},"class_list":["post-2923","page","type-page","status-publish","hentry"],"acf":[],"_links":{"self":[{"href":"https:\/\/blooo.io\/fr\/wp-json\/wp\/v2\/pages\/2923","targetHints":{"allow":["GET"]}}],"collection":[{"href":"https:\/\/blooo.io\/fr\/wp-json\/wp\/v2\/pages"}],"about":[{"href":"https:\/\/blooo.io\/fr\/wp-json\/wp\/v2\/types\/page"}],"author":[{"embeddable":true,"href":"https:\/\/blooo.io\/fr\/wp-json\/wp\/v2\/users\/2"}],"replies":[{"embeddable":true,"href":"https:\/\/blooo.io\/fr\/wp-json\/wp\/v2\/comments?post=2923"}],"version-history":[{"count":0,"href":"https:\/\/blooo.io\/fr\/wp-json\/wp\/v2\/pages\/2923\/revisions"}],"wp:attachment":[{"href":"https:\/\/blooo.io\/fr\/wp-json\/wp\/v2\/media?parent=2923"}],"curies":[{"name":"wp","href":"https:\/\/api.w.org\/{rel}","templated":true}]}}